{"id":20,"date":"2020-02-10T12:05:42","date_gmt":"2020-02-10T12:05:42","guid":{"rendered":"http:\/\/sam.samtelecom.de\/?page_id=20"},"modified":"2026-01-01T10:17:21","modified_gmt":"2026-01-01T10:17:21","slug":"herzlich-willkommen","status":"publish","type":"page","link":"http:\/\/sam.samtelecom.de\/?page_id=20","title":{"rendered":"Herzlich Willkommen!"},"content":{"rendered":"\n<p class=\"has-medium-font-size\">Ihr Partner f\u00fcr moderne Telekommunikationsl\u00f6sungen<\/p>\n\n\n\n<p class=\"has-small-font-size\"><br>S.A.M. Telecom wurde 1993 gegr\u00fcndet und hat sich seitdem als zuverl\u00e4ssiger Partner f\u00fcr moderne Telekommunikationsl\u00f6sungen in Deutschland etabliert. Bereits fr\u00fch erhielt das Unternehmen die Errichterlizenzen A und B, was die hohe fachliche Kompetenz und das Vertrauen in die Qualit\u00e4t der Dienstleistungen unterstreicht.<\/p>\n\n\n\n<p class=\"has-small-font-size\"><br>Als anerkannter Ausbildungsbetrieb engagiert sich S.A.M. Telecom aktiv in der Nachwuchsf\u00f6rderung und tr\u00e4gt zur Qualifizierung zuk\u00fcnftiger Fachkr\u00e4fte bei. Im Zuge der fortschreitenden Digitalisierung hat das Unternehmen sein Portfolio stetig erweitert und innovative L\u00f6sungen f\u00fcr Privat- und Gesch\u00e4ftskunden entwickelt.<br><\/p>\n\n\n\n<p class=\"has-small-font-size\">Das Angebot umfasst heute leistungsf\u00e4hige Telefonanlagen, moderne Lichtrufsysteme, fortschrittliche Videotechnik, Thermokameras zur \u00dcberwachung und Sicherheit, sowie umfassende Netzwerk-, PC- und Serverl\u00f6sungen. Mit diesem breiten Spektrum an Produkten und Dienstleistungen steht S.A.M. Telecom f\u00fcr Qualit\u00e4t, Service und zukunftsorientierte Kommunikation, f\u00fcr eine Verbindung, die h\u00e4lt.<\/p>\n\n\n\n<p class=\"has-text-align-right has-medium-font-size\"><br>Vertrauen Sie auf unsere Kompetenz und Erfahrung.  <img loading=\"lazy\" decoding=\"async\" width=\"100\" height=\"125\" class=\"wp-image-169\" style=\"width: 100px;\" src=\"http:\/\/sam.samtelecom.de\/wp-content\/uploads\/2026\/01\/mariokerzel_2026.jpg\" alt=\"\" srcset=\"http:\/\/sam.samtelecom.de\/wp-content\/uploads\/2026\/01\/mariokerzel_2026.jpg 1024w, http:\/\/sam.samtelecom.de\/wp-content\/uploads\/2026\/01\/mariokerzel_2026-240x300.jpg 240w, http:\/\/sam.samtelecom.de\/wp-content\/uploads\/2026\/01\/mariokerzel_2026-819x1024.jpg 819w, http:\/\/sam.samtelecom.de\/wp-content\/uploads\/2026\/01\/mariokerzel_2026-768x960.jpg 768w, http:\/\/sam.samtelecom.de\/wp-content\/uploads\/2026\/01\/mariokerzel_2026-940x1175.jpg 940w, http:\/\/sam.samtelecom.de\/wp-content\/uploads\/2026\/01\/mariokerzel_2026-320x400.jpg 320w\" sizes=\"auto, (max-width: 100px) 100vw, 100px\" \/><\/p>\n","protected":false},"excerpt":{"rendered":"<p>Ihr Partner f\u00fcr moderne Telekommunikationsl\u00f6sungen S.A.M. Telecom wurde 1993 gegr\u00fcndet und hat sich seitdem als zuverl\u00e4ssiger Partner f\u00fcr moderne Telekommunikationsl\u00f6sungen in Deutschland etabliert. Bereits fr\u00fch erhielt das Unternehmen die Errichterlizenzen A und B, was die&hellip; <a href=\"http:\/\/sam.samtelecom.de\/?page_id=20\">Mehr<\/a><\/p>\n","protected":false},"author":1,"featured_media":0,"parent":0,"menu_order":0,"comment_status":"closed","ping_status":"closed","template":"","meta":{"footnotes":""},"class_list":["post-20","page","type-page","status-publish","hentry"],"_links":{"self":[{"href":"http:\/\/sam.samtelecom.de\/index.php?rest_route=\/wp\/v2\/pages\/20","targetHints":{"allow":["GET"]}}],"collection":[{"href":"http:\/\/sam.samtelecom.de\/index.php?rest_route=\/wp\/v2\/pages"}],"about":[{"href":"http:\/\/sam.samtelecom.de\/index.php?rest_route=\/wp\/v2\/types\/page"}],"author":[{"embeddable":true,"href":"http:\/\/sam.samtelecom.de\/index.php?rest_route=\/wp\/v2\/users\/1"}],"replies":[{"embeddable":true,"href":"http:\/\/sam.samtelecom.de\/index.php?rest_route=%2Fwp%2Fv2%2Fcomments&post=20"}],"version-history":[{"count":11,"href":"http:\/\/sam.samtelecom.de\/index.php?rest_route=\/wp\/v2\/pages\/20\/revisions"}],"predecessor-version":[{"id":172,"href":"http:\/\/sam.samtelecom.de\/index.php?rest_route=\/wp\/v2\/pages\/20\/revisions\/172"}],"wp:attachment":[{"href":"http:\/\/sam.samtelecom.de\/index.php?rest_route=%2Fwp%2Fv2%2Fmedia&parent=20"}],"curies":[{"name":"wp","href":"https:\/\/api.w.org\/{rel}","templated":true}]}}